
{"id":8,"date":"2023-04-03T13:11:45","date_gmt":"2023-04-03T11:11:45","guid":{"rendered":"https:\/\/italienische-feinkost.net\/?page_id=8"},"modified":"2026-04-03T22:13:00","modified_gmt":"2026-04-03T20:13:00","slug":"impressum","status":"publish","type":"page","link":"https:\/\/italienische-feinkost.net\/index.php\/impressum\/","title":{"rendered":"Impressum"},"content":{"rendered":"\n<div class=\"wp-block-group alignwide no-margin-left has-global-padding is-layout-constrained wp-container-core-group-is-layout-03476e6f wp-block-group-is-layout-constrained\">\n<h2 class=\"wp-block-heading has-primary-25-color has-text-color\">Impressum<\/h2>\n\n\n\n<h3 class=\"wp-block-heading has-primary-25-color has-text-color\">Angaben gem\u00e4\u00df \u00a7 5 TMG (DDG)<\/h3>\n\n\n\n<p class=\"has-primary-25-color has-text-color\">Signorello Sapori<br>Vito Signorello<br>L\u00fctke Gasse 17a<br>48143 M\u00fcnster<br><\/p>\n\n\n\n<h3 class=\"wp-block-heading has-primary-25-color has-text-color\">Kontakt<\/h3>\n\n\n\n<p class=\"has-primary-25-color has-text-color\">Telefon: +49 172 5319085<br>E-Mail: vito@signorello.de<\/p>\n\n\n\n<h3 class=\"wp-block-heading has-primary-25-color has-text-color\">EU-Streitschlichtung<\/h3>\n\n\n\n<p class=\"has-primary-25-color has-text-color\">Die Europ\u00e4ische Kommission stellt eine Plattform zur Online-Streitbeilegung (OS) bereit: <a href=\"https:\/\/ec.europa.eu\/consumers\/odr\/\" target=\"_blank\" rel=\"noreferrer noopener\">https:\/\/ec.europa.eu\/consumers\/odr\/<\/a>.<br>Unsere E-Mail-Adresse finden Sie oben im Impressum.<\/p>\n\n\n\n<h3 class=\"wp-block-heading has-primary-25-color has-text-color\">Verbraucher\u00adstreit\u00adbeilegung\/Universal\u00adschlichtungs\u00adstelle<\/h3>\n\n\n\n<p class=\"has-primary-25-color has-text-color\">Wir sind nicht bereit oder verpflichtet, an Streitbeilegungsverfahren vor einer Verbraucherschlichtungsstelle teilzunehmen.<\/p>\n\n\n\n<div style=\"height:50px\" aria-hidden=\"true\" class=\"wp-block-spacer\"><\/div>\n<\/div>\n","protected":false},"excerpt":{"rendered":"<p>Impressum Angaben gem\u00e4\u00df \u00a7 5 TMG (DDG) Signorello SaporiVito SignorelloL\u00fctke Gasse 17a48143 M\u00fcnster Kontakt Telefon: +49 172 5319085E-Mail: vito@signorello.de EU-Streitschlichtung Die Europ\u00e4ische Kommission stellt eine Plattform zur Online-Streitbeilegung (OS) bereit: https:\/\/ec.europa.eu\/consumers\/odr\/.Unsere E-Mail-Adresse finden Sie oben im Impressum. Verbraucher\u00adstreit\u00adbeilegung\/Universal\u00adschlichtungs\u00adstelle Wir sind nicht bereit oder verpflichtet, an Streitbeilegungsverfahren vor einer Verbraucherschlichtungsstelle teilzunehmen.<\/p>\n","protected":false},"author":4,"featured_media":0,"parent":0,"menu_order":0,"comment_status":"closed","ping_status":"closed","template":"","meta":{"advgb_blocks_editor_width":"","advgb_blocks_columns_visual_guide":"","footnotes":""},"class_list":["post-8","page","type-page","status-publish","hentry"],"yoast_head":"<!-- This site is optimized with the Yoast SEO plugin v27.5 - https:\/\/yoast.com\/product\/yoast-seo-wordpress\/ -->\n<title>Impressum - Signorello Sapori<\/title>\n<meta name=\"robots\" content=\"index, follow, max-snippet:-1, max-image-preview:large, max-video-preview:-1\" \/>\n<link rel=\"canonical\" href=\"https:\/\/italienische-feinkost.net\/index.php\/impressum\/\" \/>\n<meta property=\"og:locale\" content=\"de_DE\" \/>\n<meta property=\"og:type\" content=\"article\" \/>\n<meta property=\"og:title\" content=\"Impressum - Signorello Sapori\" \/>\n<meta property=\"og:description\" content=\"Impressum Angaben gem\u00e4\u00df \u00a7 5 TMG (DDG) Signorello SaporiVito SignorelloL\u00fctke Gasse 17a48143 M\u00fcnster Kontakt Telefon: +49 172 5319085E-Mail: vito@signorello.de EU-Streitschlichtung Die Europ\u00e4ische Kommission stellt eine Plattform zur Online-Streitbeilegung (OS) bereit: https:\/\/ec.europa.eu\/consumers\/odr\/.Unsere E-Mail-Adresse finden Sie oben im Impressum. Verbraucher\u00adstreit\u00adbeilegung\/Universal\u00adschlichtungs\u00adstelle Wir sind nicht bereit oder verpflichtet, an Streitbeilegungsverfahren vor einer Verbraucherschlichtungsstelle teilzunehmen.\" \/>\n<meta property=\"og:url\" content=\"https:\/\/italienische-feinkost.net\/index.php\/impressum\/\" \/>\n<meta property=\"og:site_name\" content=\"Signorello Sapori\" \/>\n<meta property=\"article:modified_time\" content=\"2026-04-03T20:13:00+00:00\" \/>\n<meta property=\"og:image\" content=\"https:\/\/italienische-feinkost.net\/wp-content\/uploads\/2026\/03\/Innenansicht.jpg\" \/>\n\t<meta property=\"og:image:width\" content=\"1195\" \/>\n\t<meta property=\"og:image:height\" content=\"896\" \/>\n\t<meta property=\"og:image:type\" content=\"image\/jpeg\" \/>\n<meta name=\"twitter:card\" content=\"summary_large_image\" \/>\n<meta name=\"twitter:label1\" content=\"Gesch\u00e4tzte Lesezeit\" \/>\n\t<meta name=\"twitter:data1\" content=\"1\u00a0Minute\" \/>\n<script type=\"application\/ld+json\" class=\"yoast-schema-graph\">{\"@context\":\"https:\\\/\\\/schema.org\",\"@graph\":[{\"@type\":\"WebPage\",\"@id\":\"https:\\\/\\\/italienische-feinkost.net\\\/index.php\\\/impressum\\\/\",\"url\":\"https:\\\/\\\/italienische-feinkost.net\\\/index.php\\\/impressum\\\/\",\"name\":\"Impressum - Signorello Sapori\",\"isPartOf\":{\"@id\":\"https:\\\/\\\/italienische-feinkost.net\\\/#website\"},\"datePublished\":\"2023-04-03T11:11:45+00:00\",\"dateModified\":\"2026-04-03T20:13:00+00:00\",\"breadcrumb\":{\"@id\":\"https:\\\/\\\/italienische-feinkost.net\\\/index.php\\\/impressum\\\/#breadcrumb\"},\"inLanguage\":\"de\",\"potentialAction\":[{\"@type\":\"ReadAction\",\"target\":[\"https:\\\/\\\/italienische-feinkost.net\\\/index.php\\\/impressum\\\/\"]}]},{\"@type\":\"BreadcrumbList\",\"@id\":\"https:\\\/\\\/italienische-feinkost.net\\\/index.php\\\/impressum\\\/#breadcrumb\",\"itemListElement\":[{\"@type\":\"ListItem\",\"position\":1,\"name\":\"Startseite\",\"item\":\"https:\\\/\\\/italienische-feinkost.net\\\/\"},{\"@type\":\"ListItem\",\"position\":2,\"name\":\"Impressum\"}]},{\"@type\":\"WebSite\",\"@id\":\"https:\\\/\\\/italienische-feinkost.net\\\/#website\",\"url\":\"https:\\\/\\\/italienische-feinkost.net\\\/\",\"name\":\"Signorello | Feinkost Weine Spirituosen\",\"description\":\"Feinkost | Weine | Spirituosen\",\"publisher\":{\"@id\":\"https:\\\/\\\/italienische-feinkost.net\\\/#\\\/schema\\\/person\\\/f8516d0fc12ae7faf714dbddb1bcb048\"},\"alternateName\":\"Italienische Feinkost Spezialit\u00e4ten g\u00fcnstig kaufen und vor Ort genie\u00dfen\",\"potentialAction\":[{\"@type\":\"SearchAction\",\"target\":{\"@type\":\"EntryPoint\",\"urlTemplate\":\"https:\\\/\\\/italienische-feinkost.net\\\/?s={search_term_string}\"},\"query-input\":{\"@type\":\"PropertyValueSpecification\",\"valueRequired\":true,\"valueName\":\"search_term_string\"}}],\"inLanguage\":\"de\"},{\"@type\":[\"Person\",\"Organization\"],\"@id\":\"https:\\\/\\\/italienische-feinkost.net\\\/#\\\/schema\\\/person\\\/f8516d0fc12ae7faf714dbddb1bcb048\",\"name\":\"signorello\",\"image\":{\"@type\":\"ImageObject\",\"inLanguage\":\"de\",\"@id\":\"https:\\\/\\\/italienische-feinkost.net\\\/wp-content\\\/uploads\\\/2026\\\/03\\\/Vito_mit_Olivenoil.jpg\",\"url\":\"https:\\\/\\\/italienische-feinkost.net\\\/wp-content\\\/uploads\\\/2026\\\/03\\\/Vito_mit_Olivenoil.jpg\",\"contentUrl\":\"https:\\\/\\\/italienische-feinkost.net\\\/wp-content\\\/uploads\\\/2026\\\/03\\\/Vito_mit_Olivenoil.jpg\",\"width\":896,\"height\":1200,\"caption\":\"signorello\"},\"logo\":{\"@id\":\"https:\\\/\\\/italienische-feinkost.net\\\/wp-content\\\/uploads\\\/2026\\\/03\\\/Vito_mit_Olivenoil.jpg\"}}]}<\/script>\n<!-- \/ Yoast SEO plugin. -->","yoast_head_json":{"title":"Impressum - Signorello Sapori","robots":{"index":"index","follow":"follow","max-snippet":"max-snippet:-1","max-image-preview":"max-image-preview:large","max-video-preview":"max-video-preview:-1"},"canonical":"https:\/\/italienische-feinkost.net\/index.php\/impressum\/","og_locale":"de_DE","og_type":"article","og_title":"Impressum - Signorello Sapori","og_description":"Impressum Angaben gem\u00e4\u00df \u00a7 5 TMG (DDG) Signorello SaporiVito SignorelloL\u00fctke Gasse 17a48143 M\u00fcnster Kontakt Telefon: +49 172 5319085E-Mail: vito@signorello.de EU-Streitschlichtung Die Europ\u00e4ische Kommission stellt eine Plattform zur Online-Streitbeilegung (OS) bereit: https:\/\/ec.europa.eu\/consumers\/odr\/.Unsere E-Mail-Adresse finden Sie oben im Impressum. Verbraucher\u00adstreit\u00adbeilegung\/Universal\u00adschlichtungs\u00adstelle Wir sind nicht bereit oder verpflichtet, an Streitbeilegungsverfahren vor einer Verbraucherschlichtungsstelle teilzunehmen.","og_url":"https:\/\/italienische-feinkost.net\/index.php\/impressum\/","og_site_name":"Signorello Sapori","article_modified_time":"2026-04-03T20:13:00+00:00","og_image":[{"width":1195,"height":896,"url":"https:\/\/italienische-feinkost.net\/wp-content\/uploads\/2026\/03\/Innenansicht.jpg","type":"image\/jpeg"}],"twitter_card":"summary_large_image","twitter_misc":{"Gesch\u00e4tzte Lesezeit":"1\u00a0Minute"},"schema":{"@context":"https:\/\/schema.org","@graph":[{"@type":"WebPage","@id":"https:\/\/italienische-feinkost.net\/index.php\/impressum\/","url":"https:\/\/italienische-feinkost.net\/index.php\/impressum\/","name":"Impressum - Signorello Sapori","isPartOf":{"@id":"https:\/\/italienische-feinkost.net\/#website"},"datePublished":"2023-04-03T11:11:45+00:00","dateModified":"2026-04-03T20:13:00+00:00","breadcrumb":{"@id":"https:\/\/italienische-feinkost.net\/index.php\/impressum\/#breadcrumb"},"inLanguage":"de","potentialAction":[{"@type":"ReadAction","target":["https:\/\/italienische-feinkost.net\/index.php\/impressum\/"]}]},{"@type":"BreadcrumbList","@id":"https:\/\/italienische-feinkost.net\/index.php\/impressum\/#breadcrumb","itemListElement":[{"@type":"ListItem","position":1,"name":"Startseite","item":"https:\/\/italienische-feinkost.net\/"},{"@type":"ListItem","position":2,"name":"Impressum"}]},{"@type":"WebSite","@id":"https:\/\/italienische-feinkost.net\/#website","url":"https:\/\/italienische-feinkost.net\/","name":"Signorello | Feinkost Weine Spirituosen","description":"Feinkost | Weine | Spirituosen","publisher":{"@id":"https:\/\/italienische-feinkost.net\/#\/schema\/person\/f8516d0fc12ae7faf714dbddb1bcb048"},"alternateName":"Italienische Feinkost Spezialit\u00e4ten g\u00fcnstig kaufen und vor Ort genie\u00dfen","potentialAction":[{"@type":"SearchAction","target":{"@type":"EntryPoint","urlTemplate":"https:\/\/italienische-feinkost.net\/?s={search_term_string}"},"query-input":{"@type":"PropertyValueSpecification","valueRequired":true,"valueName":"search_term_string"}}],"inLanguage":"de"},{"@type":["Person","Organization"],"@id":"https:\/\/italienische-feinkost.net\/#\/schema\/person\/f8516d0fc12ae7faf714dbddb1bcb048","name":"signorello","image":{"@type":"ImageObject","inLanguage":"de","@id":"https:\/\/italienische-feinkost.net\/wp-content\/uploads\/2026\/03\/Vito_mit_Olivenoil.jpg","url":"https:\/\/italienische-feinkost.net\/wp-content\/uploads\/2026\/03\/Vito_mit_Olivenoil.jpg","contentUrl":"https:\/\/italienische-feinkost.net\/wp-content\/uploads\/2026\/03\/Vito_mit_Olivenoil.jpg","width":896,"height":1200,"caption":"signorello"},"logo":{"@id":"https:\/\/italienische-feinkost.net\/wp-content\/uploads\/2026\/03\/Vito_mit_Olivenoil.jpg"}}]}},"coauthors":[],"author_meta":{"author_link":"https:\/\/italienische-feinkost.net\/index.php\/author\/interfile\/","display_name":"Klaus Kochan"},"relative_dates":{"created":"Ver\u00f6ffentlicht 3\u00a0Jahren vor","modified":"Aktualisiert 1\u00a0Monat vor"},"absolute_dates":{"created":"Ver\u00f6ffentlicht am 3. April 2023","modified":"Aktualisiert am 3. April 2026"},"absolute_dates_time":{"created":"Ver\u00f6ffentlicht am 3. April 2023 13:11","modified":"Aktualisiert am 3. April 2026 22:13"},"featured_img_caption":"","featured_img":false,"series_order":"","_links":{"self":[{"href":"https:\/\/italienische-feinkost.net\/index.php\/wp-json\/wp\/v2\/pages\/8","targetHints":{"allow":["GET"]}}],"collection":[{"href":"https:\/\/italienische-feinkost.net\/index.php\/wp-json\/wp\/v2\/pages"}],"about":[{"href":"https:\/\/italienische-feinkost.net\/index.php\/wp-json\/wp\/v2\/types\/page"}],"author":[{"embeddable":true,"href":"https:\/\/italienische-feinkost.net\/index.php\/wp-json\/wp\/v2\/users\/4"}],"replies":[{"embeddable":true,"href":"https:\/\/italienische-feinkost.net\/index.php\/wp-json\/wp\/v2\/comments?post=8"}],"version-history":[{"count":7,"href":"https:\/\/italienische-feinkost.net\/index.php\/wp-json\/wp\/v2\/pages\/8\/revisions"}],"predecessor-version":[{"id":502,"href":"https:\/\/italienische-feinkost.net\/index.php\/wp-json\/wp\/v2\/pages\/8\/revisions\/502"}],"wp:attachment":[{"href":"https:\/\/italienische-feinkost.net\/index.php\/wp-json\/wp\/v2\/media?parent=8"}],"curies":[{"name":"wp","href":"https:\/\/api.w.org\/{rel}","templated":true}]}}